{"id":5978,"date":"2020-01-29T22:31:35","date_gmt":"2020-01-29T22:31:35","guid":{"rendered":"https:\/\/www.plenitudotonal.com\/php\/?page_id=5978"},"modified":"2020-01-29T22:36:53","modified_gmt":"2020-01-29T22:36:53","slug":"plenitud-casa","status":"publish","type":"page","link":"https:\/\/www.plenitudotonal.com\/php\/servicios\/plenitud-casa\/","title":{"rendered":"Plenitud en casa"},"content":{"rendered":"[vc_row][vc_column css=\u00bb.vc_custom_1580336237220{background-image: url(https:\/\/www.plenitudotonal.com\/php\/wp-content\/uploads\/2020\/01\/no-imagen.jpg?id=5974) !important;background-position: center !important;background-repeat: no-repeat !important;background-size: cover !important;}\u00bb][mk_padding_divider size=\u00bb500&#8243;][\/vc_column][\/vc_row][vc_row padding=\u00bb0&#8243;][vc_column css=\u00bb.vc_custom_1412673734424{padding-right: 0px !important;padding-left: 0px !important;background-color: #ffffff !important;}\u00bb][vc_row_inner][vc_column_inner css=\u00bb.vc_custom_1412665322619{padding-right: 80px !important;padding-left: 80px !important;}\u00bb][mk_padding_divider][mk_fancy_title color=\u00bb#393836&#8243; size=\u00bb18&#8243; font_weight=\u00bbbold\u00bb letter_spacing=\u00bb1&#8243; font_family=\u00bbRoboto\u00bb font_type=\u00bbgoogle\u00bb]PLENITUD EN CASA[\/mk_fancy_title][vc_column_text disable_pattern=\u00bbfalse\u00bb css=\u00bb.vc_custom_1580336826191{margin-bottom: 0px !important;}\u00bb]\n<p style=\"text-align: justify;\"><strong>Brindamos un servicio de asistencia en casa o en ambientes hospitalarios, para personas adultas.<\/strong><\/p>\n<p style=\"text-align: justify;\">Nuestra principal fortaleza es la capacidad de entregar un servicio asistencial basado en el conocimiento y soportado por el modelo de Plenitud Oto\u00f1al, con un personal capacitado, el monitoreo continuo de los pacientes con acompa\u00f1amiento desde la instituci\u00f3n a los indicadores de salud y bienestar.<\/p>\n[\/vc_column_text][mk_padding_divider][\/vc_column_inner][\/vc_row_inner][mk_gallery images=\u00bb5906&#8243; style=\u00bbstyle1&#8243;][mk_padding_divider][\/vc_column][\/vc_row]\n","protected":false},"excerpt":{"rendered":"<p>[vc_row][vc_column css=\u00bb.vc_custom_1580336237220{background-image: url(https:\/\/www.plenitudotonal.com\/php\/wp-content\/uploads\/2020\/01\/no-imagen.jpg?id=5974) !important;background-position: center !important;background-repeat: no-repeat !important;background-size: cover !important;}\u00bb][mk_padding_divider size=\u00bb500&#8243;][\/vc_column][\/vc_row][vc_row padding=\u00bb0&#8243;][vc_column css=\u00bb.vc_custom_1412673734424{padding-right: 0px !important;padding-left: 0px !important;background-color: #ffffff !important;}\u00bb][vc_row_inner][vc_column_inner css=\u00bb.vc_custom_1412665322619{padding-right: 80px !important;padding-left: 80px !important;}\u00bb][mk_padding_divider][mk_fancy_title color=\u00bb#393836&#8243; size=\u00bb18&#8243; font_weight=\u00bbbold\u00bb letter_spacing=\u00bb1&#8243; font_family=\u00bbRoboto\u00bb font_type=\u00bbgoogle\u00bb]PLENITUD EN CASA[\/mk_fancy_title][vc_column_text disable_pattern=\u00bbfalse\u00bb css=\u00bb.vc_custom_1580336826191{margin-bottom: 0px !important;}\u00bb] Brindamos un servicio de asistencia en casa o en ambientes hospitalarios, para personas adultas. Nuestra principal fortaleza es la [&hellip;]<\/p>\n","protected":false},"author":1,"featured_media":0,"parent":5903,"menu_order":0,"comment_status":"open","ping_status":"open","template":"","meta":{"footnotes":""},"class_list":["post-5978","page","type-page","status-publish","hentry"],"_links":{"self":[{"href":"https:\/\/www.plenitudotonal.com\/php\/wp-json\/wp\/v2\/pages\/5978","targetHints":{"allow":["GET"]}}],"collection":[{"href":"https:\/\/www.plenitudotonal.com\/php\/wp-json\/wp\/v2\/pages"}],"about":[{"href":"https:\/\/www.plenitudotonal.com\/php\/wp-json\/wp\/v2\/types\/page"}],"author":[{"embeddable":true,"href":"https:\/\/www.plenitudotonal.com\/php\/wp-json\/wp\/v2\/users\/1"}],"replies":[{"embeddable":true,"href":"https:\/\/www.plenitudotonal.com\/php\/wp-json\/wp\/v2\/comments?post=5978"}],"version-history":[{"count":3,"href":"https:\/\/www.plenitudotonal.com\/php\/wp-json\/wp\/v2\/pages\/5978\/revisions"}],"predecessor-version":[{"id":5988,"href":"https:\/\/www.plenitudotonal.com\/php\/wp-json\/wp\/v2\/pages\/5978\/revisions\/5988"}],"up":[{"embeddable":true,"href":"https:\/\/www.plenitudotonal.com\/php\/wp-json\/wp\/v2\/pages\/5903"}],"wp:attachment":[{"href":"https:\/\/www.plenitudotonal.com\/php\/wp-json\/wp\/v2\/media?parent=5978"}],"curies":[{"name":"wp","href":"https:\/\/api.w.org\/{rel}","templated":true}]}}