{"id":5969,"date":"2020-01-29T22:19:13","date_gmt":"2020-01-29T22:19:13","guid":{"rendered":"https:\/\/www.plenitudotonal.com\/php\/?page_id=5969"},"modified":"2020-01-31T20:07:11","modified_gmt":"2020-01-31T20:07:11","slug":"institucionalizado","status":"publish","type":"page","link":"https:\/\/www.plenitudotonal.com\/php\/servicios\/institucionalizado\/","title":{"rendered":"INSTITUCIONALIZADO"},"content":{"rendered":"[vc_row][vc_column css=\u00bb.vc_custom_1580501111015{background-image: url(https:\/\/www.plenitudotonal.com\/php\/wp-content\/uploads\/2020\/01\/institucionalizado.jpg?id=6030) !important;background-position: center !important;background-repeat: no-repeat !important;background-size: cover !important;}\u00bb][mk_padding_divider size=\u00bb500&#8243;][\/vc_column][\/vc_row][vc_row padding=\u00bb0&#8243;][vc_column css=\u00bb.vc_custom_1412673734424{padding-right: 0px !important;padding-left: 0px !important;background-color: #ffffff !important;}\u00bb][vc_row_inner][vc_column_inner css=\u00bb.vc_custom_1412665322619{padding-right: 80px !important;padding-left: 80px !important;}\u00bb][mk_padding_divider][mk_fancy_title color=\u00bb#393836&#8243; size=\u00bb18&#8243; font_weight=\u00bbbold\u00bb letter_spacing=\u00bb1&#8243; font_family=\u00bbRoboto\u00bb font_type=\u00bbgoogle\u00bb]INSTITUCIONALIZADO[\/mk_fancy_title][vc_column_text disable_pattern=\u00bbfalse\u00bb css=\u00bb.vc_custom_1580336027229{margin-bottom: 0px !important;}\u00bb]<span class=\"title\"><strong>Con servicios de:<\/strong><\/span><\/p>\n<ul>\n<li>Asistencia m\u00e9dica<\/li>\n<li>Enfermer\u00eda Permanente<\/li>\n<li>Plan de Bienestar y de Asistencia<\/li>\n<li>Promoci\u00f3n de Salud y el autocuidado<\/li>\n<li>Asistencia Nutricional<\/li>\n<li>Reeducaci\u00f3n funcional<\/li>\n<li>Alojamiento individual<\/li>\n<li>Terapia Ocupacional<\/li>\n<li>Apoyo psico-Socio-familiar<\/li>\n<li>Recreaci\u00f3n y Cultura<\/li>\n<li>Apoyo espiritual<\/li>\n<li>Cuidado de imagen y belleza<\/li>\n<li>Lavander\u00eda<\/li>\n<\/ul>\n<p>&nbsp;<\/p>\n[\/vc_column_text][mk_padding_divider][\/vc_column_inner][\/vc_row_inner][mk_gallery images=\u00bb5973,5971,5972,6031,6032&#8243; style=\u00bbstyle1&#8243;][mk_padding_divider][\/vc_column][\/vc_row]\n","protected":false},"excerpt":{"rendered":"<p>[vc_row][vc_column css=\u00bb.vc_custom_1580501111015{background-image: url(https:\/\/www.plenitudotonal.com\/php\/wp-content\/uploads\/2020\/01\/institucionalizado.jpg?id=6030) !important;background-position: center !important;background-repeat: no-repeat !important;background-size: cover !important;}\u00bb][mk_padding_divider size=\u00bb500&#8243;][\/vc_column][\/vc_row][vc_row padding=\u00bb0&#8243;][vc_column css=\u00bb.vc_custom_1412673734424{padding-right: 0px !important;padding-left: 0px !important;background-color: #ffffff !important;}\u00bb][vc_row_inner][vc_column_inner css=\u00bb.vc_custom_1412665322619{padding-right: 80px !important;padding-left: 80px !important;}\u00bb][mk_padding_divider][mk_fancy_title color=\u00bb#393836&#8243; size=\u00bb18&#8243; font_weight=\u00bbbold\u00bb letter_spacing=\u00bb1&#8243; font_family=\u00bbRoboto\u00bb font_type=\u00bbgoogle\u00bb]INSTITUCIONALIZADO[\/mk_fancy_title][vc_column_text disable_pattern=\u00bbfalse\u00bb css=\u00bb.vc_custom_1580336027229{margin-bottom: 0px !important;}\u00bb]Con servicios de: Asistencia m\u00e9dica Enfermer\u00eda Permanente Plan de Bienestar y de Asistencia Promoci\u00f3n de Salud y el autocuidado Asistencia Nutricional Reeducaci\u00f3n [&hellip;]<\/p>\n","protected":false},"author":1,"featured_media":0,"parent":5903,"menu_order":0,"comment_status":"open","ping_status":"open","template":"","meta":{"footnotes":""},"class_list":["post-5969","page","type-page","status-publish","hentry"],"_links":{"self":[{"href":"https:\/\/www.plenitudotonal.com\/php\/wp-json\/wp\/v2\/pages\/5969","targetHints":{"allow":["GET"]}}],"collection":[{"href":"https:\/\/www.plenitudotonal.com\/php\/wp-json\/wp\/v2\/pages"}],"about":[{"href":"https:\/\/www.plenitudotonal.com\/php\/wp-json\/wp\/v2\/types\/page"}],"author":[{"embeddable":true,"href":"https:\/\/www.plenitudotonal.com\/php\/wp-json\/wp\/v2\/users\/1"}],"replies":[{"embeddable":true,"href":"https:\/\/www.plenitudotonal.com\/php\/wp-json\/wp\/v2\/comments?post=5969"}],"version-history":[{"count":5,"href":"https:\/\/www.plenitudotonal.com\/php\/wp-json\/wp\/v2\/pages\/5969\/revisions"}],"predecessor-version":[{"id":6033,"href":"https:\/\/www.plenitudotonal.com\/php\/wp-json\/wp\/v2\/pages\/5969\/revisions\/6033"}],"up":[{"embeddable":true,"href":"https:\/\/www.plenitudotonal.com\/php\/wp-json\/wp\/v2\/pages\/5903"}],"wp:attachment":[{"href":"https:\/\/www.plenitudotonal.com\/php\/wp-json\/wp\/v2\/media?parent=5969"}],"curies":[{"name":"wp","href":"https:\/\/api.w.org\/{rel}","templated":true}]}}