{"id":5883,"date":"2019-10-23T19:27:48","date_gmt":"2019-10-23T19:27:48","guid":{"rendered":"https:\/\/www.plenitudotonal.com\/php\/?page_id=5883"},"modified":"2020-01-31T19:43:32","modified_gmt":"2020-01-31T19:43:32","slug":"modelo-asistencial","status":"publish","type":"page","link":"https:\/\/www.plenitudotonal.com\/php\/modelo-asistencial\/","title":{"rendered":"Modelo Asistencial"},"content":{"rendered":"[vc_row][vc_column css=\u00bb.vc_custom_1580499155568{background-position: center !important;background-repeat: no-repeat !important;background-size: cover !important;}\u00bb][mk_padding_divider][vc_single_image image=\u00bb5884&#8243; img_size=\u00bbfull\u00bb alignment=\u00bbcenter\u00bb][\/vc_column][\/vc_row][vc_row padding=\u00bb0&#8243; css=\u00bb.vc_custom_1571683921650{padding-top: 0px !important;padding-right: 0px !important;padding-bottom: 0px !important;padding-left: 0px !important;}\u00bb][vc_column css=\u00bb.vc_custom_1413205535287{border-left-width: 0px !important;padding-right: 0px !important;padding-left: 0px !important;background-color: #ffffff !important;}\u00bb][mk_padding_divider size=\u00bb70&#8243;][vc_row_inner][vc_column_inner css=\u00bb.vc_custom_1571860494005{padding-right: 10px !important;padding-left: 10px !important;}\u00bb][vc_text_separator title=\u00bbNUESTRO MODELO ASISTENCIAL\u00bb border_width=\u00bb2&#8243; css_animation=\u00bbfadeIn\u00bb][vc_column_text disable_pattern=\u00bbfalse\u00bb css=\u00bb.vc_custom_1571859015260{margin-bottom: 0px !important;}\u00bb]\n<h4 style=\"text-align: center;\">Se fundamenta en una cultura organizacional cimentada en una \u00e9tica profesional, basada en el Amor, Respeto, Ternura, Verdad y Solidaridad.<\/h4>\n<p style=\"text-align: justify;\"><strong>Plenitud Oto\u00f1al<\/strong> es pionera en el desarrollo de un <strong>Modelo Asistencial propio<\/strong> para la atenci\u00f3n de las Personas Mayores, el cual ha sido reconocido por su calidad, resultados probados, y acreditados en su \u00e9tica humanizaci\u00f3n, calidad cient\u00edfica y organizacional.<\/p>\n<p style=\"text-align: justify;\">El modelo asistencial ofrece, una asistencia de alta calidad de vida, generaci\u00f3n del conocimiento y la experiencia concebida hace m\u00e1s de 39 a\u00f1os (20 de enero de 1980) garantizado por un equipo humano de profesionales del \u00e1rea de la salud, medicina especializada, actividades terap\u00e9uticas, basados en una <strong>filosof\u00eda coherente<\/strong> y con enfoque cient\u00edfico de car\u00e1cter bio-psico-socio-familiar, garantizando un bienestar integral, constante alianza familiar, cultura organizacional y \u00e9tica profesional.<\/p>\n<p style=\"text-align: justify;\">Las actividades de Bienestar y Promoci\u00f3n de la Salud, plantean las acciones espec\u00edficas para prevenir la enfermedad y determinar las tareas para la <strong>asistencia m\u00e9dica y de enfermer\u00eda<\/strong>, de acuerdo con el grado de dependencia y las necesidades detectadas en el usuario que comprende las acciones desde el est\u00edmulo a la autonom\u00eda y el autocontrol, propiciando las labores que reduzcan la probabilidad de enfermedad y discapacidad, hasta la aplicaci\u00f3n de medidas terap\u00e9uticas y\/o de rehabilitaci\u00f3n, las cuales son consignadas en el <strong>Plan de Bienestar y Asistencia personalizado<\/strong> y controladas a trav\u00e9s del seguimiento de los <strong>indicadores diarios<\/strong>.<\/p>\n<p style=\"text-align: justify;\">Dichas actividades contemplan adem\u00e1s del seguimiento del estado de salud f\u00edsica y mental de nuestros habitantes, Asistencia Psico-Socio-Familiar, Apoyo Espiritual, Asistencia Nutricional, Reeducaci\u00f3n Funcional, Actividades de Bienestar, Recreaci\u00f3n y Cultura, Imagen y Belleza, masajes, entre otros.<\/p>\n<p style=\"text-align: justify;\">Este modelo asistencial le permite a Plenitud Oto\u00f1al asistir a la persona mayor y su entorno social y familiar hasta el \u00faltimo momento de sus vidas a trav\u00e9s del plan de soporte vital.<\/p>\n[\/vc_column_text][mk_padding_divider size=\u00bb70&#8243;][vc_text_separator title=\u00bbEXALTACI\u00d3N\u00bb border_width=\u00bb2&#8243; css_animation=\u00bbfadeIn\u00bb][vc_column_text disable_pattern=\u00bbfalse\u00bb css=\u00bb.vc_custom_1571859067710{margin-bottom: 0px !important;}\u00bb]\n<p style=\"text-align: justify;\">Como un reconocimiento al Modelo Asistencial de Plenitud Oto\u00f1al, fue publicada en la revista especializada Club Mundo Social de Espa\u00f1a un art\u00edculo donde exaltan la labor en el trabajo por la persona mayor. En esta misma edici\u00f3n se aborda la aprobaci\u00f3n de la ley de dependencia de Espa\u00f1a que es una de las m\u00e1s completas y reconocidas del mundo para la persona mayor.<\/p>\n[\/vc_column_text][mk_padding_divider size=\u00bb70&#8243;][vc_btn title=\u00bbVer revista aqu\u00ed\u00bb style=\u00bbclassic\u00bb align=\u00bbcenter\u00bb css_animation=\u00bbfadeInDown\u00bb link=\u00bburl:https%3A%2F%2Fissuu.com%2Fclubmundosenior%2Fdocs%2F66ms||target:%20_blank|\u00bb][\/vc_column_inner][\/vc_row_inner][vc_row_inner][vc_column_inner width=\u00bb1\/4&#8243;][vc_single_image image=\u00bb5888&#8243; img_size=\u00bbfull\u00bb alignment=\u00bbcenter\u00bb css_animation=\u00bbfadeInUp\u00bb][\/vc_column_inner][vc_column_inner width=\u00bb1\/4&#8243;][vc_single_image image=\u00bb5889&#8243; img_size=\u00bbfull\u00bb alignment=\u00bbcenter\u00bb css_animation=\u00bbfadeInUp\u00bb][\/vc_column_inner][vc_column_inner width=\u00bb1\/4&#8243;][vc_single_image image=\u00bb5890&#8243; img_size=\u00bbfull\u00bb alignment=\u00bbcenter\u00bb css_animation=\u00bbfadeInUp\u00bb][\/vc_column_inner][vc_column_inner width=\u00bb1\/4&#8243;][vc_single_image image=\u00bb5891&#8243; img_size=\u00bbfull\u00bb alignment=\u00bbcenter\u00bb css_animation=\u00bbfadeInUp\u00bb][\/vc_column_inner][\/vc_row_inner][\/vc_column][\/vc_row]\n","protected":false},"excerpt":{"rendered":"<p>[vc_row][vc_column css=\u00bb.vc_custom_1580499155568{background-position: center !important;background-repeat: no-repeat !important;background-size: cover !important;}\u00bb][mk_padding_divider][vc_single_image image=\u00bb5884&#8243; img_size=\u00bbfull\u00bb alignment=\u00bbcenter\u00bb][\/vc_column][\/vc_row][vc_row padding=\u00bb0&#8243; css=\u00bb.vc_custom_1571683921650{padding-top: 0px !important;padding-right: 0px !important;padding-bottom: 0px !important;padding-left: 0px !important;}\u00bb][vc_column css=\u00bb.vc_custom_1413205535287{border-left-width: 0px !important;padding-right: 0px !important;padding-left: 0px !important;background-color: #ffffff !important;}\u00bb][mk_padding_divider size=\u00bb70&#8243;][vc_row_inner][vc_column_inner css=\u00bb.vc_custom_1571860494005{padding-right: 10px !important;padding-left: 10px !important;}\u00bb][vc_text_separator title=\u00bbNUESTRO MODELO ASISTENCIAL\u00bb border_width=\u00bb2&#8243; css_animation=\u00bbfadeIn\u00bb][vc_column_text disable_pattern=\u00bbfalse\u00bb css=\u00bb.vc_custom_1571859015260{margin-bottom: 0px !important;}\u00bb] Se fundamenta en una cultura organizacional cimentada en una \u00e9tica [&hellip;]<\/p>\n","protected":false},"author":1,"featured_media":0,"parent":0,"menu_order":0,"comment_status":"open","ping_status":"open","template":"","meta":{"footnotes":""},"class_list":["post-5883","page","type-page","status-publish","hentry"],"_links":{"self":[{"href":"https:\/\/www.plenitudotonal.com\/php\/wp-json\/wp\/v2\/pages\/5883","targetHints":{"allow":["GET"]}}],"collection":[{"href":"https:\/\/www.plenitudotonal.com\/php\/wp-json\/wp\/v2\/pages"}],"about":[{"href":"https:\/\/www.plenitudotonal.com\/php\/wp-json\/wp\/v2\/types\/page"}],"author":[{"embeddable":true,"href":"https:\/\/www.plenitudotonal.com\/php\/wp-json\/wp\/v2\/users\/1"}],"replies":[{"embeddable":true,"href":"https:\/\/www.plenitudotonal.com\/php\/wp-json\/wp\/v2\/comments?post=5883"}],"version-history":[{"count":12,"href":"https:\/\/www.plenitudotonal.com\/php\/wp-json\/wp\/v2\/pages\/5883\/revisions"}],"predecessor-version":[{"id":5887,"href":"https:\/\/www.plenitudotonal.com\/php\/wp-json\/wp\/v2\/pages\/5883\/revisions\/5887"}],"wp:attachment":[{"href":"https:\/\/www.plenitudotonal.com\/php\/wp-json\/wp\/v2\/media?parent=5883"}],"curies":[{"name":"wp","href":"https:\/\/api.w.org\/{rel}","templated":true}]}}