{"id":10,"date":"2014-09-30T12:07:38","date_gmt":"2014-09-30T12:07:38","guid":{"rendered":"http:\/\/demos.artbees.net\/jupiter5\/megaclite\/?page_id=10"},"modified":"2020-04-06T23:56:25","modified_gmt":"2020-04-06T23:56:25","slug":"corporativo","status":"publish","type":"page","link":"https:\/\/www.plenitudotonal.com\/php\/corporativo\/","title":{"rendered":"Corporativo"},"content":{"rendered":"[vc_row][vc_column css=\u00bb.vc_custom_1580499310779{background-position: center !important;background-repeat: no-repeat !important;background-size: cover !important;}\u00bb][mk_padding_divider][vc_single_image image=\u00bb5814&#8243; img_size=\u00bbfull\u00bb][\/vc_column][\/vc_row][vc_row padding=\u00bb0&#8243; css=\u00bb.vc_custom_1571683921650{padding-top: 0px !important;padding-right: 0px !important;padding-bottom: 0px !important;padding-left: 0px !important;}\u00bb][vc_column css=\u00bb.vc_custom_1413205535287{border-left-width: 0px !important;padding-right: 0px !important;padding-left: 0px !important;background-color: #ffffff !important;}\u00bb][mk_padding_divider size=\u00bb70&#8243;][vc_row_inner][vc_column_inner css=\u00bb.vc_custom_1571860367582{padding-right: 10px !important;padding-left: 10px !important;}\u00bb][vc_text_separator title=\u00bbVIDA, AMOR Y SABIDUR\u00cdA.\u00bb border_width=\u00bb2&#8243; css_animation=\u00bbfadeIn\u00bb][vc_column_text disable_pattern=\u00bbfalse\u00bb css=\u00bb.vc_custom_1571860391153{margin-bottom: 0px !important;}\u00bb]\n<p style=\"text-align: justify;\">Este tr\u00edptico pintado por el maestro S\u00e1enz con los frescos del tambi\u00e9n maestro Pedro Nel G\u00f3mez refleja la filosof\u00eda de <strong>PLENITUD OTO\u00d1AL<\/strong><\/p>\n<p style=\"text-align: justify;\">En alusi\u00f3n a la <strong>VIDA<\/strong>, en el primer panel se observa una pareja en medio de un ed\u00e9n paisa, sentada compartiendo una comida envuelta en hoja de bijao, con arepa, aguacate, el infaltable machete bajo una mata de pl\u00e1tano, con su hijo reci\u00e9n nacido, y en el horizonte se observan el pensamiento en los hijos que tienen por venir.<\/p>\n<p style=\"text-align: justify;\">El segundo panel es una pareja en medio del cosmos, que hace alusi\u00f3n al <strong>AMOR<\/strong>.<br \/>\nY el tercero en exaltaci\u00f3n a la mujer, son cinco mujeres que representan cada uno de los cinco continentes, donde todas est\u00e1n en torno a la mayor haciendo referencia a la SABIDUR\u00cdA.<\/p>\n<p style=\"text-align: justify;\"><strong>PLENITUD OTO\u00d1AL es VIDA, AMOR Y SABIDUR\u00cdA.<\/strong><\/p>\n[\/vc_column_text][mk_padding_divider size=\u00bb70&#8243;][vc_text_separator title=\u00bbPORQUE NOS DISTINGUIMOS\u00bb border_width=\u00bb2&#8243; css_animation=\u00bbfadeIn\u00bb][\/vc_column_inner][\/vc_row_inner][vc_row_inner attached=\u00bbtrue\u00bb padding=\u00bb3&#8243;][vc_column_inner width=\u00bb1\/3&#8243; css=\u00bb.vc_custom_1412580766850{padding-left: 100px !important;}\u00bb][mk_image src=\u00bbhttps:\/\/www.plenitudotonal.com\/php\/wp-content\/uploads\/2019\/10\/botero.png\u00bb group=\u00bb_general\u00bb crop=\u00bbfalse\u00bb][\/vc_column_inner][vc_column_inner width=\u00bb2\/3&#8243; css=\u00bb.vc_custom_1412580834273{padding-right: 100px !important;}\u00bb][vc_column_text disable_pattern=\u00bbfalse\u00bb css=\u00bb.vc_custom_1571681189021{margin-bottom: 0px !important;}\u00bb]\n<ol>\n<li>Mas de cuarenta (40) a\u00f1os de historia.<\/li>\n<li>(IPS) Instituci\u00f3n Prestadora de Servicios de Salud, Habilitada por la Direcci\u00f3n Seccional de Salud de Antioquia y Vigilada por la S\u00faper Intendencia Nacional de Salud.<\/li>\n<li>Premio a la Excelencia por el desarrollo de Estrategias Innovadoras en la Asistencia en Salud.<\/li>\n<li>Primera instituci\u00f3n en Latino Am\u00e9rica en obtener la certificaci\u00f3n del Sistema de Gesti\u00f3n de la Calidad bajo la Norma ISO, otorgada por el ICONTEC a nivel Nacional e IQNet en el \u00e1mbito Internacional.<\/li>\n<li>Reconocimiento como Organizaci\u00f3n Egresada de la Universidad de Antioquia, en el Sistema de Gesti\u00f3n de Calidad.<br \/>\n\u00danica instituci\u00f3n especializada en la persona mayor Galardonada por la excelencia Nutricional Hospitalaria otorgado por la OES (Organizaci\u00f3n para la Excelencia en Salud).<\/li>\n<li>Primera version a\u00f1o 2017 y segunda version a\u00f1o 2018.<\/li>\n<li>Modelo de Bienestar y Asistencia Exclusivo y reconocido en el pa\u00eds.<\/li>\n<li>Plan de Bienestar y Asistencia individualizado, Integral y Progresivo.<\/li>\n<li>Asistencia M\u00e9dica y Enfermer\u00eda Permanente.<\/li>\n<li>Alianza permanente Familia \u2013 Instituci\u00f3n.<\/li>\n<li>Cultura Organizacional basada en Valores.<\/li>\n<li>Excelente ubicaci\u00f3n Geogr\u00e1fica.<\/li>\n<\/ol>\n[\/vc_column_text][\/vc_column_inner][\/vc_row_inner][mk_padding_divider size=\u00bb70&#8243;][vc_text_separator title=\u00bbDISTINTIVOS\u00bb border_width=\u00bb2&#8243; css_animation=\u00bbfadeIn\u00bb][vc_row_inner attached=\u00bbtrue\u00bb padding=\u00bb3&#8243;][vc_column_inner width=\u00bb1\/3&#8243;][vc_hoverbox image=\u00bb5853&#8243; primary_title=\u00bb\u00bb hover_title=\u00bb\u00bb shape=\u00bbsquare\u00bb el_width=\u00bb90&#8243; css_animation=\u00bbfadeIn\u00bb]\n<p style=\"text-align: justify;\"><strong>Servicio de salud habilitado<\/strong><br \/>\nSello de habilitaci\u00f3n otorgado por la Direcci\u00f3n Seccional de Salud que acredita las Instituciones Prestadora de Servicios de Salud -IPS-<\/p>\n[\/vc_hoverbox][\/vc_column_inner][vc_column_inner width=\u00bb1\/3&#8243; css=\u00bb.vc_custom_1412581325174{padding-right: 100px !important;}\u00bb][vc_hoverbox image=\u00bb5854&#8243; primary_title=\u00bb\u00bb hover_title=\u00bb\u00bb shape=\u00bbsquare\u00bb el_width=\u00bb90&#8243; css_animation=\u00bbfadeIn\u00bb]\n<p style=\"text-align: justify;\"><strong>ICONTEC\u00a0<\/strong><br \/>\nCertificado de gestion de la calidad<br \/>\nPrimera instituci\u00f3n Geri\u00e1trica en Am\u00e9rica Latina Certificaci\u00f3n por Icontec en Gesti\u00f3n Calidad ISO<\/p>\n[\/vc_hoverbox][\/vc_column_inner][vc_column_inner width=\u00bb1\/3&#8243;][vc_hoverbox image=\u00bb5855&#8243; primary_title=\u00bb\u00bb hover_title=\u00bb\u00bb shape=\u00bbsquare\u00bb el_width=\u00bb90&#8243; css_animation=\u00bbfadeIn\u00bb]\n<p style=\"text-align: justify;\"><strong>IQNet<\/strong><br \/>\nCertified Management System<br \/>\nCertificaci\u00f3n de calidad a nivel internacional por IQNet<\/p>\n[\/vc_hoverbox][\/vc_column_inner][\/vc_row_inner][vc_row_inner attached=\u00bbtrue\u00bb padding=\u00bb3&#8243;][vc_column_inner width=\u00bb1\/3&#8243;][vc_hoverbox image=\u00bb5851&#8243; primary_title=\u00bb\u00bb hover_title=\u00bb\u00bb shape=\u00bbsquare\u00bb el_width=\u00bb90&#8243; css_animation=\u00bbfadeIn\u00bb]\n<p style=\"text-align: justify;\"><strong>Premio a la excelencia<br \/>\n<\/strong><br \/>\nPremio a la Excelencia Empresarial otorgado la Asociaci\u00f3n Nacional de Instituciones Financieras \u2013 ANIF \u2013 Y el Banco Caja Social en el a\u00f1o 2003.<\/p>\n[\/vc_hoverbox][\/vc_column_inner][vc_column_inner width=\u00bb1\/3&#8243; css=\u00bb.vc_custom_1412581325174{padding-right: 100px !important;}\u00bb][vc_hoverbox image=\u00bb5857&#8243; primary_title=\u00bb\u00bb hover_title=\u00bb\u00bb shape=\u00bbsquare\u00bb el_width=\u00bb90&#8243; css_animation=\u00bbfadeIn\u00bb]\n<p style=\"text-align: justify;\"><strong>Reconocimiento<br \/>\n<\/strong><br \/>\nReconocimiento como Organizaci\u00f3n Egresada de la Universidad de Antioquia en el a\u00f1o 2004.<\/p>\n[\/vc_hoverbox][\/vc_column_inner][vc_column_inner width=\u00bb1\/3&#8243;][vc_hoverbox image=\u00bb6065&#8243; primary_title=\u00bb\u00bb hover_title=\u00bb\u00bb shape=\u00bbsquare\u00bb el_width=\u00bb90&#8243; css_animation=\u00bbfadeIn\u00bb]\n<p style=\"text-align: justify;\"><strong>Camara de Comercio de Medellin<\/strong><br \/>\nAl trabajo incansable, esfuerzo y compromiso en el fortalecimiento del sector empresarial.<\/p>\n[\/vc_hoverbox][\/vc_column_inner][\/vc_row_inner][vc_row_inner attached=\u00bbtrue\u00bb padding=\u00bb3&#8243;][vc_column_inner width=\u00bb1\/3&#8243;][vc_hoverbox image=\u00bb5856&#8243; primary_title=\u00bb\u00bb hover_title=\u00bb\u00bb shape=\u00bbsquare\u00bb el_width=\u00bb90&#8243; css_animation=\u00bbfadeIn\u00bb]\n<p style=\"text-align: justify;\"><strong>Galard\u00f3n<br \/>\na la excelencia nutricional<\/strong><br \/>\nGalard\u00f3n a la Excelencia Nutricional otorgado por la Organizaci\u00f3n de Excelencia en Salud \u2013 OES.<br \/>\nPrimera version a\u00f1o 2017<\/p>\n[\/vc_hoverbox][\/vc_column_inner][vc_column_inner width=\u00bb1\/3&#8243; css=\u00bb.vc_custom_1412581325174{padding-right: 100px !important;}\u00bb][vc_hoverbox image=\u00bb5852&#8243; primary_title=\u00bb\u00bb hover_title=\u00bb\u00bb shape=\u00bbsquare\u00bb el_width=\u00bb90&#8243; css_animation=\u00bbfadeIn\u00bb]\n<p style=\"text-align: justify;\"><strong>Galard\u00f3n<br \/>\na la excelencia nutricional<br \/>\n<\/strong><br \/>\nGalard\u00f3n a la Excelencia Nutricional otorgado por la Organizaci\u00f3n de Excelencia en Salud \u2013 OES.<br \/>\nSegunda version a\u00f1o 2018<\/p>\n[\/vc_hoverbox][\/vc_column_inner][vc_column_inner width=\u00bb1\/3&#8243;][\/vc_column_inner][\/vc_row_inner][\/vc_column][\/vc_row]\n","protected":false},"excerpt":{"rendered":"<p>[vc_row][vc_column css=\u00bb.vc_custom_1580499310779{background-position: center !important;background-repeat: no-repeat !important;background-size: cover !important;}\u00bb][mk_padding_divider][vc_single_image image=\u00bb5814&#8243; img_size=\u00bbfull\u00bb][\/vc_column][\/vc_row][vc_row padding=\u00bb0&#8243; css=\u00bb.vc_custom_1571683921650{padding-top: 0px !important;padding-right: 0px !important;padding-bottom: 0px !important;padding-left: 0px !important;}\u00bb][vc_column css=\u00bb.vc_custom_1413205535287{border-left-width: 0px !important;padding-right: 0px !important;padding-left: 0px !important;background-color: #ffffff !important;}\u00bb][mk_padding_divider size=\u00bb70&#8243;][vc_row_inner][vc_column_inner css=\u00bb.vc_custom_1571860367582{padding-right: 10px !important;padding-left: 10px !important;}\u00bb][vc_text_separator title=\u00bbVIDA, AMOR Y SABIDUR\u00cdA.\u00bb border_width=\u00bb2&#8243; css_animation=\u00bbfadeIn\u00bb][vc_column_text disable_pattern=\u00bbfalse\u00bb css=\u00bb.vc_custom_1571860391153{margin-bottom: 0px !important;}\u00bb] Este tr\u00edptico pintado por el maestro S\u00e1enz con los frescos [&hellip;]<\/p>\n","protected":false},"author":2,"featured_media":0,"parent":0,"menu_order":0,"comment_status":"open","ping_status":"open","template":"","meta":{"footnotes":""},"class_list":["post-10","page","type-page","status-publish","hentry"],"_links":{"self":[{"href":"https:\/\/www.plenitudotonal.com\/php\/wp-json\/wp\/v2\/pages\/10","targetHints":{"allow":["GET"]}}],"collection":[{"href":"https:\/\/www.plenitudotonal.com\/php\/wp-json\/wp\/v2\/pages"}],"about":[{"href":"https:\/\/www.plenitudotonal.com\/php\/wp-json\/wp\/v2\/types\/page"}],"author":[{"embeddable":true,"href":"https:\/\/www.plenitudotonal.com\/php\/wp-json\/wp\/v2\/users\/2"}],"replies":[{"embeddable":true,"href":"https:\/\/www.plenitudotonal.com\/php\/wp-json\/wp\/v2\/comments?post=10"}],"version-history":[{"count":38,"href":"https:\/\/www.plenitudotonal.com\/php\/wp-json\/wp\/v2\/pages\/10\/revisions"}],"predecessor-version":[{"id":6067,"href":"https:\/\/www.plenitudotonal.com\/php\/wp-json\/wp\/v2\/pages\/10\/revisions\/6067"}],"wp:attachment":[{"href":"https:\/\/www.plenitudotonal.com\/php\/wp-json\/wp\/v2\/media?parent=10"}],"curies":[{"name":"wp","href":"https:\/\/api.w.org\/{rel}","templated":true}]}}